{"id":324,"date":"2021-04-10T09:46:51","date_gmt":"2021-04-10T09:46:51","guid":{"rendered":"https:\/\/soccerlab.org\/?page_id=324"},"modified":"2022-07-02T14:35:31","modified_gmt":"2022-07-02T14:35:31","slug":"prinzipien-und-metalitat-im-spiel","status":"publish","type":"page","link":"https:\/\/soccerlab.org\/en\/prinzipien-und-metalitat-im-spiel\/","title":{"rendered":"3 Prinzipien und Mentalit\u00e4t im Spiel, einfach"},"content":{"rendered":"\n<div class=\"wp-block-group\"><div class=\"wp-block-group__inner-container is-layout-flow wp-block-group-is-layout-flow\">\n<div class=\"wp-block-group\"><div class=\"wp-block-group__inner-container is-layout-flow wp-block-group-is-layout-flow\">\n<div id=\"ez-toc-container\" class=\"ez-toc-v2_0_82_2 counter-hierarchy ez-toc-counter ez-toc-grey ez-toc-container-direction\">\n<div class=\"ez-toc-title-container\">\n<p class=\"ez-toc-title\" style=\"cursor:inherit\">Table of Contents<\/p>\n<span class=\"ez-toc-title-toggle\"><a href=\"#\" class=\"ez-toc-pull-right ez-toc-btn ez-toc-btn-xs ez-toc-btn-default ez-toc-toggle\" aria-label=\"Toggle Table of Content\"><span class=\"ez-toc-js-icon-con\"><span class=\"\"><span class=\"eztoc-hide\" style=\"display:none;\">Toggle<\/span><span class=\"ez-toc-icon-toggle-span\"><svg style=\"fill: #999;color:#999\" xmlns=\"http:\/\/www.w3.org\/2000\/svg\" class=\"list-377408\" width=\"20px\" height=\"20px\" viewBox=\"0 0 24 24\" fill=\"none\"><path d=\"M6 6H4v2h2V6zm14 0H8v2h12V6zM4 11h2v2H4v-2zm16 0H8v2h12v-2zM4 16h2v2H4v-2zm16 0H8v2h12v-2z\" fill=\"currentColor\"><\/path><\/svg><svg style=\"fill: #999;color:#999\" class=\"arrow-unsorted-368013\" xmlns=\"http:\/\/www.w3.org\/2000\/svg\" width=\"10px\" height=\"10px\" viewBox=\"0 0 24 24\" version=\"1.2\" baseProfile=\"tiny\"><path d=\"M18.2 9.3l-6.2-6.3-6.2 6.3c-.2.2-.3.4-.3.7s.1.5.3.7c.2.2.4.3.7.3h11c.3 0 .5-.1.7-.3.2-.2.3-.5.3-.7s-.1-.5-.3-.7zM5.8 14.7l6.2 6.3 6.2-6.3c.2-.2.3-.5.3-.7s-.1-.5-.3-.7c-.2-.2-.4-.3-.7-.3h-11c-.3 0-.5.1-.7.3-.2.2-.3.5-.3.7s.1.5.3.7z\"\/><\/svg><\/span><\/span><\/span><\/a><\/span><\/div>\n<nav><ul class='ez-toc-list ez-toc-list-level-1 eztoc-toggle-hide-by-default' ><li class='ez-toc-page-1 ez-toc-heading-level-2'><a class=\"ez-toc-link ez-toc-heading-1\" href=\"https:\/\/soccerlab.org\/en\/prinzipien-und-metalitat-im-spiel\/#Prinzipien_%E2%80%93_Technik_%E2%80%93_Taktik_%E2%80%93_Athletik_%E2%80%93_Mental\" >Prinzipien &#8211; Technik &#8211; Taktik &#8211; Athletik &#8211; Mental<\/a><ul class='ez-toc-list-level-4' ><li class='ez-toc-heading-level-4'><ul class='ez-toc-list-level-4' ><li class='ez-toc-heading-level-4'><a class=\"ez-toc-link ez-toc-heading-2\" href=\"https:\/\/soccerlab.org\/en\/prinzipien-und-metalitat-im-spiel\/#Ich_%E2%80%93_Technische_Prinzipien_im_Spiel\" >Ich &#8211; Technische Prinzipien im Spiel<\/a><\/li><li class='ez-toc-page-1 ez-toc-heading-level-4'><a class=\"ez-toc-link ez-toc-heading-3\" href=\"https:\/\/soccerlab.org\/en\/prinzipien-und-metalitat-im-spiel\/#Ich_%E2%80%93_Taktische_Prinzipien_im_Spiel\" >Ich &#8211; Taktische Prinzipien im Spiel<\/a><\/li><li class='ez-toc-page-1 ez-toc-heading-level-4'><a class=\"ez-toc-link ez-toc-heading-4\" href=\"https:\/\/soccerlab.org\/en\/prinzipien-und-metalitat-im-spiel\/#Ich_%E2%80%93_Mentale_und_athletische_Prinzipien_im_Spiel\" >Ich &#8211; Mentale und athletische Prinzipien im Spiel<\/a><ul class='ez-toc-list-level-5' ><li class='ez-toc-heading-level-5'><a class=\"ez-toc-link ez-toc-heading-5\" href=\"https:\/\/soccerlab.org\/en\/prinzipien-und-metalitat-im-spiel\/#Ich_%E2%80%93_Sozial\" >Ich &#8211; Sozial<\/a><\/li><li class='ez-toc-page-1 ez-toc-heading-level-5'><a class=\"ez-toc-link ez-toc-heading-6\" href=\"https:\/\/soccerlab.org\/en\/prinzipien-und-metalitat-im-spiel\/#Ich_%E2%80%93_Emotional\" >Ich &#8211; Emotional<\/a><\/li><li class='ez-toc-page-1 ez-toc-heading-level-5'><a class=\"ez-toc-link ez-toc-heading-7\" href=\"https:\/\/soccerlab.org\/en\/prinzipien-und-metalitat-im-spiel\/#Ich_%E2%80%93_Kognitiv\" >Ich &#8211; Kognitiv<\/a><\/li><li class='ez-toc-page-1 ez-toc-heading-level-5'><a class=\"ez-toc-link ez-toc-heading-8\" href=\"https:\/\/soccerlab.org\/en\/prinzipien-und-metalitat-im-spiel\/#Ich_%E2%80%93_Motorisch\" >Ich &#8211; Motorisch<\/a><\/li><\/ul><\/li><li class='ez-toc-page-1 ez-toc-heading-level-4'><a class=\"ez-toc-link ez-toc-heading-9\" href=\"https:\/\/soccerlab.org\/en\/prinzipien-und-metalitat-im-spiel\/#Ich_Du_%E2%80%93_Taktische_Prinzipien_im_Spiel\" >Ich + Du &#8211; Taktische Prinzipien im Spiel<\/a><\/li><li class='ez-toc-page-1 ez-toc-heading-level-4'><a class=\"ez-toc-link ez-toc-heading-10\" href=\"https:\/\/soccerlab.org\/en\/prinzipien-und-metalitat-im-spiel\/#Wir_%E2%80%93_Taktische_Prinzipien_im_Spiel\" >Wir &#8211; Taktische Prinzipien im Spiel<\/a><\/li><\/ul><\/li><\/ul><\/li><li class='ez-toc-page-1 ez-toc-heading-level-2'><a class=\"ez-toc-link ez-toc-heading-11\" href=\"https:\/\/soccerlab.org\/en\/prinzipien-und-metalitat-im-spiel\/#Prinzipien_im_Spiel\" >Prinzipien im Spiel<\/a><ul class='ez-toc-list-level-4' ><li class='ez-toc-heading-level-4'><ul class='ez-toc-list-level-4' ><li class='ez-toc-heading-level-4'><a class=\"ez-toc-link ez-toc-heading-12\" href=\"https:\/\/soccerlab.org\/en\/prinzipien-und-metalitat-im-spiel\/#Wir_haben_den_Ball\" >Wir haben den Ball<\/a><ul class='ez-toc-list-level-5' ><li class='ez-toc-heading-level-5'><a class=\"ez-toc-link ez-toc-heading-13\" href=\"https:\/\/soccerlab.org\/en\/prinzipien-und-metalitat-im-spiel\/#Ich_Technisch-taktische_Ausbildung\" >Ich (Technisch-taktische Ausbildung)<\/a><\/li><li class='ez-toc-page-1 ez-toc-heading-level-5'><a class=\"ez-toc-link ez-toc-heading-14\" href=\"https:\/\/soccerlab.org\/en\/prinzipien-und-metalitat-im-spiel\/#Ich_Taktisch-technische_Ausbildung\" >Ich (Taktisch-technische Ausbildung)<\/a><\/li><li class='ez-toc-page-1 ez-toc-heading-level-5'><a class=\"ez-toc-link ez-toc-heading-15\" href=\"https:\/\/soccerlab.org\/en\/prinzipien-und-metalitat-im-spiel\/#Ich_Du_Taktisch-technische_Ausbildung\" >Ich + Du (Taktisch-technische Ausbildung)<\/a><\/li><li class='ez-toc-page-1 ez-toc-heading-level-5'><a class=\"ez-toc-link ez-toc-heading-16\" href=\"https:\/\/soccerlab.org\/en\/prinzipien-und-metalitat-im-spiel\/#Wir_Taktisch_Ausbildung\" >Wir (Taktisch Ausbildung)<\/a><\/li><\/ul><\/li><li class='ez-toc-page-1 ez-toc-heading-level-4'><a class=\"ez-toc-link ez-toc-heading-17\" href=\"https:\/\/soccerlab.org\/en\/prinzipien-und-metalitat-im-spiel\/#Der_Gegner_hat_den_Ball\" >Der Gegner hat den Ball<\/a><\/li><\/ul><\/li><\/ul><\/li><\/ul><\/nav><\/div>\n<h2 class=\"wp-block-heading\"><span class=\"ez-toc-section\" id=\"Prinzipien_%E2%80%93_Technik_%E2%80%93_Taktik_%E2%80%93_Athletik_%E2%80%93_Mental\"><\/span>Prinzipien &#8211; Technik &#8211; Taktik &#8211; Athletik &#8211; Mental<span class=\"ez-toc-section-end\"><\/span><\/h2>\n\n\n\n<ul class=\"wp-block-list\"><li>Einzeln ( Ich )<\/li><li>Gemeinsam ( Ich + Du)<\/li><li>Gemeinsam ( Wir )<\/li><\/ul>\n\n\n\n<h4 class=\"wp-block-heading\"><span class=\"ez-toc-section\" id=\"Ich_%E2%80%93_Technische_Prinzipien_im_Spiel\"><\/span>Ich &#8211; Technische Prinzipien im Spiel<span class=\"ez-toc-section-end\"><\/span><\/h4>\n\n\n\n<ul class=\"wp-block-list\"><li>Beidf\u00fcssigkeit und Beidseitigkeit erlangen, (im Raum und in Bewegung (TA)<\/li><li>Technik unter Druck. der Gegner st\u00f6rt, enger Raum, schnelle Entscheidung und Handlung im \u00dcber- und Unterzahlspiel<\/li><\/ul>\n\n\n\n<h4 class=\"wp-block-heading\"><span class=\"ez-toc-section\" id=\"Ich_%E2%80%93_Taktische_Prinzipien_im_Spiel\"><\/span>Ich &#8211; Taktische Prinzipien im Spiel<span class=\"ez-toc-section-end\"><\/span><\/h4>\n\n\n\n<ul class=\"wp-block-list\"><li>In erster stelle steht die Ballan- und Mitnahme<\/li><li>Ich spiele konstruktiven und kreativen Fussball<\/li><li>nach der Ballannahme die sich bietenden Optionen erkennen ( Gegner, Torsituation, Mitspieler, Raum )<\/li><li>Ballmitnahme, Zuspiel, Ball  f\u00fchren, Kpfball und Torabschluss erfolgen orientiert und spielsituativ<\/li><li>Freien offenen Raum erkennen und sich darin orientieren<\/li><li>Schnelle entscheidungen unter Druck ( Gegner st\u00f6rt, enger Raum im Gleich- und Unterzahlspiel )<\/li><li>Schnelles Umschalten zwischen ( defensive zu offensive &#8211; offensive zu defensive )<\/li><li>Mutig und entschlossen nach vorne dribbeln und \/ oder passen<\/li><li>Mutig und entschlossen den Strafraum suchen<\/li><li>Freie entscheidungen treffen, kreativ handeln, eiegene Ideeen umsetzten<\/li><li>Ich will den Ball, bin aktiv und beteilige mich am Spiel<\/li><li>Ich gehe zum Ball, ich will vor dem Gegner am Ball sein<\/li><li>Ich bringe den K\u00f6rper zwischen Ball und Gengner, Ball verteidigen, K\u00f6rper stabil halten<\/li><li>Ich will Spielkompentenz auf m\u00f6glichst vielen Positionen erlangen<\/li><li>Der Torspieler ist mutig unf nimmt aktiv am Spiel teil<\/li><\/ul>\n\n\n\n<h4 class=\"wp-block-heading\"><span class=\"ez-toc-section\" id=\"Ich_%E2%80%93_Mentale_und_athletische_Prinzipien_im_Spiel\"><\/span>Ich &#8211; Mentale und athletische Prinzipien im Spiel<span class=\"ez-toc-section-end\"><\/span><\/h4>\n\n\n\n<p>Gemeint ist damit die Leistung von Geist und K\u00f6rper (Sozial, Emotional, Kognitiv, Motorisch)<\/p>\n\n\n\n<ul class=\"wp-block-list\"><li>Einsatz- Laufbereitschaft erbringen Wille<\/li><li>K\u00f6rpersprache, Ausdruck von Selbstvertrauen<\/li><li>K\u00f6rpersprache, ein stabiler K\u00f6rper dr\u00fcckt St\u00e4rke aus und gewinnt Zweik\u00e4mpfe<\/li><li>K\u00f6rperkontakt annehmen, auch im Ballbesitz ( Ballhalten und Druck, K\u00f6rperstabilit\u00e4t )<\/li><\/ul>\n\n\n\n<p><a href=\"https:\/\/soccerlab.org\/2021\/10\/24\/kompetitive-mentale-starke\/\" data-type=\"URL\" data-id=\"https:\/\/soccerlab.org\/2021\/10\/24\/kompetitive-mentale-starke\/\">Kompetitive, mentale St\u00e4rke<\/a><\/p>\n\n\n\n<h5 class=\"wp-block-heading\"><span class=\"ez-toc-section\" id=\"Ich_%E2%80%93_Sozial\"><\/span>Ich &#8211; Sozial<span class=\"ez-toc-section-end\"><\/span><\/h5>\n\n\n\n<ul class=\"wp-block-list\" id=\"block-61ca7b0b-2800-4625-98a6-24005a89140b\"><li>Regel-Akzeptanz und Bewusstsein und eigenst\u00e4ndige \u00dcberwachung ( Reflektion )<\/li><li>Fairplay<\/li><li>Respekt<\/li><li>Anstand<\/li><li>Toleranz ( Gegen\u00fcber sich selbst und seinem Umfeld )<\/li><li>Disziplin entwickeln<\/li><li>Bereitschaft haben<\/li><li>Aufmerksamkeit zeigen<\/li><li>K\u00f6rperbewusstsein und Teamgedanken entwickeln<\/li><li>Verantwortung \u00fcbernehmen, an Zielen arbeiten und festhalten<\/li><li>Autorit\u00e4ten akzeptieren und sch\u00e4tzen lernen ( Trainer, Schiedsrichter, Funktion\u00e4re )<\/li><\/ul>\n\n\n\n<h5 class=\"wp-block-heading\"><span class=\"ez-toc-section\" id=\"Ich_%E2%80%93_Emotional\"><\/span>Ich &#8211; Emotional<span class=\"ez-toc-section-end\"><\/span><\/h5>\n\n\n\n<ul class=\"wp-block-list\" id=\"block-c8aa4ada-4d7f-4345-982d-4fdc23756fcc\"><li>Erkennen und Erleben von Gef\u00fchlen, Aufbau von Mitgef\u00fchl und Toleranz<\/li><li>Umgang mit Gewinnern und Verlieren ( Umgang mit Entt\u00e4uschung )<\/li><\/ul>\n\n\n\n<h5 class=\"wp-block-heading\"><span class=\"ez-toc-section\" id=\"Ich_%E2%80%93_Kognitiv\"><\/span>Ich &#8211; Kognitiv<span class=\"ez-toc-section-end\"><\/span><\/h5>\n\n\n\n<ul class=\"wp-block-list\" id=\"block-a0742138-6291-456b-8e00-b0b84d83d05e\"><li>Erwerb eigener taktischer und technischer F\u00e4higkeiten<\/li><li>Strategien entwickeln, Planm\u00e4ssiges Vorgehen, Visualisieren<\/li><li>Handlungs- und Reaktionsschnelligkeit<\/li><li>Wahrnehmung der Sinne ( Ich und Gegner ) und Orientierung im Raum ( Positionsgef\u00fchl )<\/li><\/ul>\n\n\n\n<h5 class=\"wp-block-heading\"><span class=\"ez-toc-section\" id=\"Ich_%E2%80%93_Motorisch\"><\/span>Ich &#8211; Motorisch<span class=\"ez-toc-section-end\"><\/span><\/h5>\n\n\n\n<ul class=\"wp-block-list\"><li>Fl\u00fcssige Bewegung und Feinmotorik, Reaktions- und Gleichgewichtsf\u00e4higkeiten, reguliert Einsatz von Kraft und Schnelligkeit<\/li><\/ul>\n\n\n\n<h4 class=\"wp-block-heading\"><span class=\"ez-toc-section\" id=\"Ich_Du_%E2%80%93_Taktische_Prinzipien_im_Spiel\"><\/span>Ich + Du &#8211; Taktische Prinzipien im Spiel <span class=\"ez-toc-section-end\"><\/span><\/h4>\n\n\n\n<ul class=\"wp-block-list\"><li>Spieler ohne Ball gibt Optionen, Spieler mit Ball entscheidet<\/li><li>ich suche aktiv den ballf\u00fchrenden Mitspieler, ich biete mich dem Ballf\u00fchrenden an<\/li><li>ich \u00f6ffne meinem Mitspieler den raum und biete Optionen ( aktives Spiel ohne Ball )<\/li><li>Kommunikation, aktive gegenseitige Kontaktaufnahme ( verbal, non-verbal )<\/li><\/ul>\n\n\n\n<h4 class=\"wp-block-heading\"><span class=\"ez-toc-section\" id=\"Wir_%E2%80%93_Taktische_Prinzipien_im_Spiel\"><\/span>Wir &#8211; Taktische Prinzipien im Spiel <span class=\"ez-toc-section-end\"><\/span><\/h4>\n\n\n\n<figure class=\"wp-block-image size-large is-resized\"><img loading=\"lazy\" decoding=\"async\" src=\"https:\/\/soccerlab.org\/wp-content\/uploads\/2021\/11\/Wir-Taktische-Prinzipien-im-Spiel--1024x683.jpg\" alt=\"Wir-Taktische-Prinzipien-im-Spiel\" class=\"wp-image-467\" width=\"956\" height=\"638\" title=\"\"><\/figure>\n\n\n\n<ul class=\"wp-block-list\"><li><span style=\"font-size: revert; color: initial;\">Taktik und System, einen gemeinsamen Plan haben und umsetzten<\/span><\/li><li>Spiel in die breite, Tiefe und diagonal, Spielzonen erkennen und nutzen<\/li><li>Alle beteiligen sich am Angriffsspiel, offensives \u00dcberzahlspiel kreieren<\/li><li>Alle beteiligen sich an der Defensivarbeit ( defensive \u00dcberzahl bilden )<\/li><li>Gemeinsame L\u00f6sungen unter Druck finden ( Gegner st\u00f6rt, enger Raum im \u00dcberzahl- und Unterzahlspiel)<\/li><li>Rotationsprinzip anwenden ( Spielpositionen, Spielfeldseite, offensiv, defensiv )<\/li><\/ul>\n<\/div><\/div>\n\n\n\n<div class=\"wp-block-group\"><div class=\"wp-block-group__inner-container is-layout-flow wp-block-group-is-layout-flow\">\n<h2 class=\"wp-block-heading\"><span class=\"ez-toc-section\" id=\"Prinzipien_im_Spiel\"><\/span>Prinzipien im Spiel<span class=\"ez-toc-section-end\"><\/span><\/h2>\n<\/div><\/div>\n<\/div><\/div>\n\n\n\n<h4 class=\"wp-block-heading\"><span class=\"ez-toc-section\" id=\"Wir_haben_den_Ball\"><\/span>Wir haben den Ball<span class=\"ez-toc-section-end\"><\/span><\/h4>\n\n\n\n<blockquote class=\"wp-block-quote is-layout-flow wp-block-quote-is-layout-flow\"><p>Tore vorbereiten<\/p><p>Ballbesitz<\/p><p>Umschaltspiel<\/p><p>Orientierung im Raum<\/p><p>Tore erzielen<\/p><p>Alleine und gemeinsam<\/p><p>Alles beidf\u00fcssig, beidseitig und spielsituativ<\/p><\/blockquote>\n\n\n\n<h5 class=\"wp-block-heading\"><span class=\"ez-toc-section\" id=\"Ich_Technisch-taktische_Ausbildung\"><\/span>Ich (Technisch-taktische Ausbildung)<span class=\"ez-toc-section-end\"><\/span><\/h5>\n\n\n\n<ul class=\"wp-block-list\"><li>Ball an- und mitnehmen (Variabel)<\/li><li>Ball an- und mitnehmen (hoher Ball)<\/li><li>Tor erzielen<ul><li>Innenrist<\/li><li>Aussenrist<\/li><li>Vollrist<\/li><li>Dropkick<\/li><\/ul><\/li><li>Ball flach zuspielen<ul><li>Innenrist<\/li><\/ul><ul><li>Aussenrist<\/li><li>Vollrist<\/li><\/ul><\/li><li>Ball hoch zuspielen<ul><li>Innenrist<\/li><\/ul><ul><li>Aussenrist<\/li><li>Vollrist<\/li><\/ul><\/li><li>Flankenball aus dem Lauf<ul><li>Innenrist<\/li><\/ul><ul><li>Vollrist<\/li><\/ul><\/li><li>Ball direkt zuspielen (technisch)<\/li><li>Ball f\u00fchren<\/li><li>Ballgef\u00fchl entwickeln<\/li><li>Kopfball<ul><li>Zuspiel<\/li><li>Torabschluss<\/li><\/ul><\/li><li>Torspieler Technik<\/li><\/ul>\n\n\n\n<h5 class=\"wp-block-heading\"><span class=\"ez-toc-section\" id=\"Ich_Taktisch-technische_Ausbildung\"><\/span>Ich (Taktisch-technische Ausbildung)<span class=\"ez-toc-section-end\"><\/span><\/h5>\n\n\n\n<ul class=\"wp-block-list\"><li>Gegner alleine ausspielen (1:1, 1:2. etc.)<\/li><li>Ball abschirmen, abdecken (1:1, 1:2. etc.)<\/li><li>Finten, T\u00e4uschungen (1:1, 1:2. etc.)<\/li><li>Torspieler situativ<\/li><li>Spielposition (offensives Verhalten)<\/li><\/ul>\n\n\n\n<h5 class=\"wp-block-heading\"><span class=\"ez-toc-section\" id=\"Ich_Du_Taktisch-technische_Ausbildung\"><\/span>Ich + Du (Taktisch-technische Ausbildung)<span class=\"ez-toc-section-end\"><\/span><\/h5>\n\n\n\n<ul class=\"wp-block-list\"><li>Einander zuspielen <ul><li>Timing<\/li><li>orientiert<\/li><li>offensiver Fuss<\/li><\/ul><\/li><li>Gegner zu Zweit ausspielen (2:1, 2.2, 2:3 etc.))<\/li><li>Doppelpass<\/li><li>Hinterlaufen<\/li><\/ul>\n\n\n\n<h5 class=\"wp-block-heading\"><span class=\"ez-toc-section\" id=\"Wir_Taktisch_Ausbildung\"><\/span>Wir (Taktisch Ausbildung)<span class=\"ez-toc-section-end\"><\/span><\/h5>\n\n\n\n<ul class=\"wp-block-list\"><li>Zusammenspiel im Team (vom 2:2 bis 11:11)<\/li><li>Sich anbieten, Ball verlangen <\/li><li>Sich frei laufen, den freien Raum suchen und erkennen<\/li><li>Spielaufbau von hinten (konstruktiv)<\/li><li>\u00dcberzahlspiel \u00fcber (2:1, 3:1, 4:1, 3:2, 4:2, 5:2 etc.)<\/li><li>\u00dcberzahlspiel \u00fcber (1:0, 2:0, 3:0, 4:0, 5:0, 6:0 etc.)<\/li><li>\u00dcberzahl schaffen im Ballbesitz (Laufwege)<\/li><li>Angriffsausl\u00f6sung, Umschalten, Gegenstoss, Vertikalspiel<\/li><li>Seitenwechsel und Diagonalspiel<\/li><li>L\u00fccken erkennen, in die Schnittstellen spielen<\/li><li>Torspieler, situativer Einbezug<\/li><li>Einwurf (gleichzeitig Technik und Regel)<\/li><li>Stehende B\u00e4lle (auch Anwendung, Technik, Strategie)<\/li><li>Spielpositionen (vom 3:3 zum 11:11 &#8211; auch System)<\/li><\/ul>\n\n\n\n<h4 class=\"wp-block-heading\"><span class=\"ez-toc-section\" id=\"Der_Gegner_hat_den_Ball\"><\/span>Der Gegner hat den Ball<span class=\"ez-toc-section-end\"><\/span><\/h4>\n\n\n\n<blockquote class=\"wp-block-quote is-layout-flow wp-block-quote-is-layout-flow\"><p>Tore verhindern<\/p><p>Gegner mit Ballbesitz<\/p><p>Umschaltspiel des Gegners<\/p><p>Orientierung in der Defensive<\/p><p>Ball erobern<\/p><p>Pressing<\/p><p>Forchecking und umschalten<\/p><\/blockquote>\n","protected":false},"excerpt":{"rendered":"<p>Prinzipien &#8211; Technik &#8211; Taktik &#8211; Athletik &#8211; Mental Einzeln ( Ich ) Gemeinsam ( Ich + Du) Gemeinsam ( Wir ) Ich &#8211; Technische Prinzipien im Spiel Beidf\u00fcssigkeit und Beidseitigkeit erlangen, (im Raum und in Bewegung (TA) Technik unter Druck. der Gegner st\u00f6rt, enger Raum, schnelle Entscheidung und Handlung im \u00dcber- und Unterzahlspiel Ich [&hellip;]<\/p>\n","protected":false},"author":4,"featured_media":464,"parent":0,"menu_order":0,"comment_status":"closed","ping_status":"closed","template":"","meta":{"footnotes":""},"class_list":["post-324","page","type-page","status-publish","has-post-thumbnail","hentry"],"translation":{"provider":"WPGlobus","version":"2.12.2","language":"en","enabled_languages":["de","en"],"languages":{"de":{"title":true,"content":true,"excerpt":false},"en":{"title":false,"content":false,"excerpt":false}}},"_links":{"self":[{"href":"https:\/\/soccerlab.org\/en\/wp-json\/wp\/v2\/pages\/324","targetHints":{"allow":["GET"]}}],"collection":[{"href":"https:\/\/soccerlab.org\/en\/wp-json\/wp\/v2\/pages"}],"about":[{"href":"https:\/\/soccerlab.org\/en\/wp-json\/wp\/v2\/types\/page"}],"author":[{"embeddable":true,"href":"https:\/\/soccerlab.org\/en\/wp-json\/wp\/v2\/users\/4"}],"replies":[{"embeddable":true,"href":"https:\/\/soccerlab.org\/en\/wp-json\/wp\/v2\/comments?post=324"}],"version-history":[{"count":58,"href":"https:\/\/soccerlab.org\/en\/wp-json\/wp\/v2\/pages\/324\/revisions"}],"predecessor-version":[{"id":1363,"href":"https:\/\/soccerlab.org\/en\/wp-json\/wp\/v2\/pages\/324\/revisions\/1363"}],"wp:featuredmedia":[{"embeddable":true,"href":"https:\/\/soccerlab.org\/en\/wp-json\/wp\/v2\/media\/464"}],"wp:attachment":[{"href":"https:\/\/soccerlab.org\/en\/wp-json\/wp\/v2\/media?parent=324"}],"curies":[{"name":"wp","href":"https:\/\/api.w.org\/{rel}","templated":true}]}}